{"id":2046,"date":"2023-04-28T17:58:35","date_gmt":"2023-04-28T15:58:35","guid":{"rendered":"https:\/\/vulkano.io\/?page_id=2046"},"modified":"2024-07-26T11:51:42","modified_gmt":"2024-07-26T09:51:42","slug":"railway","status":"publish","type":"page","link":"https:\/\/vulkano.io\/es\/railway\/","title":{"rendered":"Ferroviario"},"content":{"rendered":"<div data-elementor-type=\"wp-page\" data-elementor-id=\"2046\" class=\"elementor elementor-2046\" data-elementor-post-type=\"page\">\n\t\t\t\t\t\t\t<div class=\"elementor-element elementor-element-e228660 e-flex e-con-boxed wpr-particle-no wpr-jarallax-no wpr-parallax-no wpr-sticky-section-no e-con e-parent\" data-id=\"e228660\" data-element_type=\"container\" data-settings=\"{&quot;container_type&quot;:&quot;flex&quot;,&quot;content_width&quot;:&quot;boxed&quot;}\" data-core-v316-plus=\"true\">\n\t\t\t\t\t<div class=\"e-con-inner\">\n\t\t\t\t<div class=\"elementor-element elementor-element-16f3a8f elementor-headline--style-rotate elementor-widget elementor-widget-animated-headline\" data-id=\"16f3a8f\" data-element_type=\"widget\" data-settings=\"{&quot;headline_style&quot;:&quot;rotate&quot;,&quot;animation_type&quot;:&quot;flip&quot;,&quot;rotating_text&quot;:&quot;Faster\\nGreener\\nRail&quot;,&quot;rotate_iteration_delay&quot;:4000,&quot;loop&quot;:&quot;yes&quot;}\" data-widget_type=\"animated-headline.default\">\n\t\t\t\t<div class=\"elementor-widget-container\">\n\t\t\t<link rel=\"stylesheet\" href=\"https:\/\/vulkano.io\/wp-content\/plugins\/elementor-pro\/assets\/css\/widget-animated-headline.min.css\">\t\t<h3 class=\"elementor-headline elementor-headline-animation-type-flip\">\n\t\t\t\t\t<span class=\"elementor-headline-plain-text elementor-headline-text-wrapper\">Hazlo<\/span>\n\t\t\t\t<span class=\"elementor-headline-dynamic-wrapper elementor-headline-text-wrapper\">\n\t\t\t\t\t<span class=\"elementor-headline-dynamic-text elementor-headline-text-active\">\n\t\t\t\tR\u00e1pido\t\t\t<\/span>\n\t\t\t\t\t<span class=\"elementor-headline-dynamic-text\">\n\t\t\t\tVerde\t\t\t<\/span>\n\t\t\t\t\t<span class=\"elementor-headline-dynamic-text\">\n\t\t\t\tFerroviario\t\t\t<\/span>\n\t\t\t\t\t\t<\/span>\n\t\t\t\t<\/h3>\n\t\t\t\t<\/div>\n\t\t\t\t<\/div>\n\t\t\t\t\t<\/div>\n\t\t\t\t<\/div>\n\t\t<div class=\"elementor-element elementor-element-ba41019 e-flex e-con-boxed wpr-particle-no wpr-jarallax-no wpr-parallax-no wpr-sticky-section-no e-con e-parent\" data-id=\"ba41019\" data-element_type=\"container\" data-settings=\"{&quot;background_background&quot;:&quot;classic&quot;,&quot;container_type&quot;:&quot;flex&quot;,&quot;content_width&quot;:&quot;boxed&quot;}\" data-core-v316-plus=\"true\">\n\t\t\t\t\t<div class=\"e-con-inner\">\n\t\t\t\t<div class=\"elementor-element elementor-element-1ee70da elementor-widget elementor-widget-heading\" data-id=\"1ee70da\" data-element_type=\"widget\" data-widget_type=\"heading.default\">\n\t\t\t\t<div class=\"elementor-widget-container\">\n\t\t\t<style>\/*! elementor - v3.18.0 - 20-12-2023 *\/\n.elementor-heading-title{padding:0;margin:0;line-height:1}.elementor-widget-heading .elementor-heading-title[class*=elementor-size-]>a{color:inherit;font-size:inherit;line-height:inherit}.elementor-widget-heading .elementor-heading-title.elementor-size-small{font-size:15px}.elementor-widget-heading .elementor-heading-title.elementor-size-medium{font-size:19px}.elementor-widget-heading .elementor-heading-title.elementor-size-large{font-size:29px}.elementor-widget-heading .elementor-heading-title.elementor-size-xl{font-size:39px}.elementor-widget-heading .elementor-heading-title.elementor-size-xxl{font-size:59px}<\/style><h2 class=\"elementor-heading-title elementor-size-medium\">Creemos en los sistemas de transporte responsables con el medio ambiente, y vemos los ferrocarriles como el futuro del transporte.\n\nNuestra misi\u00f3n es mejorar su eficiencia, velocidad e impacto ambiental, creando un mundo m\u00e1s sostenible y conectado.\n\nContribuimos a posicionar a Espa\u00f1a como l\u00edder global en esta tecnolog\u00eda.<\/h2>\t\t<\/div>\n\t\t\t\t<\/div>\n\t\t\t\t\t<\/div>\n\t\t\t\t<\/div>\n\t\t<div class=\"elementor-element elementor-element-973cabc e-flex e-con-boxed wpr-particle-no wpr-jarallax-no wpr-parallax-no wpr-sticky-section-no e-con e-parent\" data-id=\"973cabc\" data-element_type=\"container\" data-settings=\"{&quot;background_background&quot;:&quot;slideshow&quot;,&quot;background_slideshow_gallery&quot;:[{&quot;id&quot;:1416,&quot;url&quot;:&quot;https:\\\/\\\/vulkano.io\\\/wp-content\\\/uploads\\\/2023\\\/10\\\/exquisite_piglet_85268_mantener_el_mismo_tren_hiperrealista_y_p_f56b4335-4e18-4e45-8cfe-d327f6b35ecb.png&quot;}],&quot;container_type&quot;:&quot;flex&quot;,&quot;content_width&quot;:&quot;boxed&quot;,&quot;background_slideshow_loop&quot;:&quot;yes&quot;,&quot;background_slideshow_slide_duration&quot;:5000,&quot;background_slideshow_slide_transition&quot;:&quot;fade&quot;,&quot;background_slideshow_transition_duration&quot;:500}\" data-core-v316-plus=\"true\">\n\t\t\t\t\t<div class=\"e-con-inner\">\n\t\t<div class=\"elementor-element elementor-element-d66a233 e-con-full e-flex wpr-particle-no wpr-jarallax-no wpr-parallax-no wpr-sticky-section-no e-con e-child\" data-id=\"d66a233\" data-element_type=\"container\" data-settings=\"{&quot;content_width&quot;:&quot;full&quot;,&quot;background_background&quot;:&quot;classic&quot;,&quot;container_type&quot;:&quot;flex&quot;}\">\n\t\t\t\t<div class=\"elementor-element elementor-element-f5e6972 elementor-widget elementor-widget-text-editor\" data-id=\"f5e6972\" data-element_type=\"widget\" data-widget_type=\"text-editor.default\">\n\t\t\t\t<div class=\"elementor-widget-container\">\n\t\t\t<style>\/*! elementor - v3.18.0 - 20-12-2023 *\/\n.elementor-widget-text-editor.elementor-drop-cap-view-stacked .elementor-drop-cap{background-color:#69727d;color:#fff}.elementor-widget-text-editor.elementor-drop-cap-view-framed .elementor-drop-cap{color:#69727d;border:3px solid;background-color:transparent}.elementor-widget-text-editor:not(.elementor-drop-cap-view-default) .elementor-drop-cap{margin-top:8px}.elementor-widget-text-editor:not(.elementor-drop-cap-view-default) .elementor-drop-cap-letter{width:1em;height:1em}.elementor-widget-text-editor .elementor-drop-cap{float:left;text-align:center;line-height:1;font-size:50px}.elementor-widget-text-editor .elementor-drop-cap-letter{display:inline-block}<\/style>\t\t\t\t<p style=\"text-align: left;\">Somos altamente capacitados en el dise\u00f1o y c\u00e1lculo de componentes ferroviarios, cumpliendo con las normativas UNE-EN 12663.\u00a0<\/p><p>Nuestra experiencia abarca el dise\u00f1o mec\u00e1nico completo de material rodante, incluyendo tanto las partes internas como externas, equipos auxiliares, estructuras, consideraciones ergon\u00f3micas y c\u00e1lculos mec\u00e1nicos precisos.<\/p><p>Calculamos juntas y ensamblajes atornillados seg\u00fan las normas VDI 2230, y realizamos an\u00e1lisis exhaustivos de fatiga para juntas soldadas en veh\u00edculos ferroviarios siguiendo las normativas Alemanas DVS 1612.<\/p>\t\t\t\t\t\t<\/div>\n\t\t\t\t<\/div>\n\t\t\t\t<\/div>\n\t\t<div class=\"elementor-element elementor-element-7e207f5 e-con-full e-flex wpr-particle-no wpr-jarallax-no wpr-parallax-no wpr-sticky-section-no e-con e-child\" data-id=\"7e207f5\" data-element_type=\"container\" data-settings=\"{&quot;content_width&quot;:&quot;full&quot;,&quot;container_type&quot;:&quot;flex&quot;}\">\n\t\t\t\t<\/div>\n\t\t\t\t\t<\/div>\n\t\t\t\t<\/div>\n\t\t\t\t\t\t\t<\/div>","protected":false},"excerpt":{"rendered":"<p>Make it Faster Greener Rail Believing in environmentally responsible transport systems, we see railways as the future of transportation. Our mission is to improve their efficiency, speed, and environmental impact, creating a more sustainable and connected world. We contribute to positioning Spain as a global leader in this technology. We are highly skilled in designing &hellip;<\/p>\n<p class=\"read-more\"> <a class=\"\" href=\"https:\/\/vulkano.io\/es\/railway\/\"> <span class=\"screen-reader-text\">Ferroviario<\/span> Leer m\u00e1s &raquo;<\/a><\/p>","protected":false},"author":1,"featured_media":0,"parent":0,"menu_order":0,"comment_status":"closed","ping_status":"closed","template":"","meta":{"_monsterinsights_skip_tracking":false,"_monsterinsights_sitenote_active":false,"_monsterinsights_sitenote_note":"","_monsterinsights_sitenote_category":0,"_uf_show_specific_survey":0,"_uf_disable_surveys":false,"site-sidebar-layout":"no-sidebar","site-content-layout":"page-builder","ast-site-content-layout":"full-width-container","site-content-style":"default","site-sidebar-style":"default","ast-global-header-display":"","ast-banner-title-visibility":"","ast-main-header-display":"","ast-hfb-above-header-display":"","ast-hfb-below-header-display":"","ast-hfb-mobile-header-display":"","site-post-title":"disabled","ast-breadcrumbs-content":"","ast-featured-img":"disabled","footer-sml-layout":"","theme-transparent-header-meta":"default","adv-header-id-meta":"","stick-header-meta":"","header-above-stick-meta":"","header-main-stick-meta":"","header-below-stick-meta":"","astra-migrate-meta-layouts":"set","footnotes":""},"class_list":["post-2046","page","type-page","status-publish","hentry"],"yoast_head":"<!-- This site is optimized with the Yoast SEO plugin v21.8 - https:\/\/yoast.com\/wordpress\/plugins\/seo\/ -->\n<title>Railway - Vulkano<\/title>\n<meta name=\"description\" content=\"Our railway expertise includes the full mechanical design of rolling stock, covering inside and outside parts, auxiliary equipment, structures, ergonomic considerations, and precise mechanical calculations.\" \/>\n<meta name=\"robots\" content=\"index, follow, max-snippet:-1, max-image-preview:large, max-video-preview:-1\" \/>\n<link rel=\"canonical\" href=\"https:\/\/vulkano.io\/es\/railway\/\" \/>\n<meta property=\"og:locale\" content=\"es_ES\" \/>\n<meta property=\"og:type\" content=\"article\" \/>\n<meta property=\"og:title\" content=\"Railway - Vulkano\" \/>\n<meta property=\"og:description\" content=\"Our railway expertise includes the full mechanical design of rolling stock, covering inside and outside parts, auxiliary equipment, structures, ergonomic considerations, and precise mechanical calculations.\" \/>\n<meta property=\"og:url\" content=\"https:\/\/vulkano.io\/es\/railway\/\" \/>\n<meta property=\"og:site_name\" content=\"Vulkano\" \/>\n<meta property=\"article:modified_time\" content=\"2024-07-26T09:51:42+00:00\" \/>\n<meta name=\"twitter:card\" content=\"summary_large_image\" \/>\n<meta name=\"twitter:label1\" content=\"Tiempo de lectura\" \/>\n\t<meta name=\"twitter:data1\" content=\"1 minuto\" \/>\n<script type=\"application\/ld+json\" class=\"yoast-schema-graph\">{\"@context\":\"https:\/\/schema.org\",\"@graph\":[{\"@type\":\"WebPage\",\"@id\":\"https:\/\/vulkano.io\/railway\/\",\"url\":\"https:\/\/vulkano.io\/railway\/\",\"name\":\"Railway - Vulkano\",\"isPartOf\":{\"@id\":\"https:\/\/vulkano.io\/#website\"},\"datePublished\":\"2023-04-28T15:58:35+00:00\",\"dateModified\":\"2024-07-26T09:51:42+00:00\",\"description\":\"Our railway expertise includes the full mechanical design of rolling stock, covering inside and outside parts, auxiliary equipment, structures, ergonomic considerations, and precise mechanical calculations.\",\"breadcrumb\":{\"@id\":\"https:\/\/vulkano.io\/railway\/#breadcrumb\"},\"inLanguage\":\"es\",\"potentialAction\":[{\"@type\":\"ReadAction\",\"target\":[\"https:\/\/vulkano.io\/railway\/\"]}]},{\"@type\":\"BreadcrumbList\",\"@id\":\"https:\/\/vulkano.io\/railway\/#breadcrumb\",\"itemListElement\":[{\"@type\":\"ListItem\",\"position\":1,\"name\":\"Portada\",\"item\":\"https:\/\/vulkano.io\/\"},{\"@type\":\"ListItem\",\"position\":2,\"name\":\"Railway\"}]},{\"@type\":\"WebSite\",\"@id\":\"https:\/\/vulkano.io\/#website\",\"url\":\"https:\/\/vulkano.io\/\",\"name\":\"Vulkano Engineering\",\"description\":\"Servicios de ingenier\u00eda\",\"publisher\":{\"@id\":\"https:\/\/vulkano.io\/#organization\"},\"potentialAction\":[{\"@type\":\"SearchAction\",\"target\":{\"@type\":\"EntryPoint\",\"urlTemplate\":\"https:\/\/vulkano.io\/?s={search_term_string}\"},\"query-input\":\"required name=search_term_string\"}],\"inLanguage\":\"es\"},{\"@type\":\"Organization\",\"@id\":\"https:\/\/vulkano.io\/#organization\",\"name\":\"Vulkano Engineering\",\"url\":\"https:\/\/vulkano.io\/\",\"logo\":{\"@type\":\"ImageObject\",\"inLanguage\":\"es\",\"@id\":\"https:\/\/vulkano.io\/#\/schema\/logo\/image\/\",\"url\":\"https:\/\/vulkano.io\/wp-content\/uploads\/2023\/03\/VULKANO-HORIZONTAL.png\",\"contentUrl\":\"https:\/\/vulkano.io\/wp-content\/uploads\/2023\/03\/VULKANO-HORIZONTAL.png\",\"width\":2480,\"height\":729,\"caption\":\"Vulkano Engineering\"},\"image\":{\"@id\":\"https:\/\/vulkano.io\/#\/schema\/logo\/image\/\"},\"sameAs\":[\"https:\/\/www.youtube.com\/channel\/UCOYcoRiJxNZOgvvXEbgETnQ\",\"https:\/\/www.linkedin.com\/company\/vulkano-engineering\/\"]}]}<\/script>\n<!-- \/ Yoast SEO plugin. -->","yoast_head_json":{"title":"Railway - Vulkano","description":"Our railway expertise includes the full mechanical design of rolling stock, covering inside and outside parts, auxiliary equipment, structures, ergonomic considerations, and precise mechanical calculations.","robots":{"index":"index","follow":"follow","max-snippet":"max-snippet:-1","max-image-preview":"max-image-preview:large","max-video-preview":"max-video-preview:-1"},"canonical":"https:\/\/vulkano.io\/es\/railway\/","og_locale":"es_ES","og_type":"article","og_title":"Railway - Vulkano","og_description":"Our railway expertise includes the full mechanical design of rolling stock, covering inside and outside parts, auxiliary equipment, structures, ergonomic considerations, and precise mechanical calculations.","og_url":"https:\/\/vulkano.io\/es\/railway\/","og_site_name":"Vulkano","article_modified_time":"2024-07-26T09:51:42+00:00","twitter_card":"summary_large_image","twitter_misc":{"Tiempo de lectura":"1 minuto"},"schema":{"@context":"https:\/\/schema.org","@graph":[{"@type":"WebPage","@id":"https:\/\/vulkano.io\/railway\/","url":"https:\/\/vulkano.io\/railway\/","name":"Railway - Vulkano","isPartOf":{"@id":"https:\/\/vulkano.io\/#website"},"datePublished":"2023-04-28T15:58:35+00:00","dateModified":"2024-07-26T09:51:42+00:00","description":"Our railway expertise includes the full mechanical design of rolling stock, covering inside and outside parts, auxiliary equipment, structures, ergonomic considerations, and precise mechanical calculations.","breadcrumb":{"@id":"https:\/\/vulkano.io\/railway\/#breadcrumb"},"inLanguage":"es","potentialAction":[{"@type":"ReadAction","target":["https:\/\/vulkano.io\/railway\/"]}]},{"@type":"BreadcrumbList","@id":"https:\/\/vulkano.io\/railway\/#breadcrumb","itemListElement":[{"@type":"ListItem","position":1,"name":"Portada","item":"https:\/\/vulkano.io\/"},{"@type":"ListItem","position":2,"name":"Railway"}]},{"@type":"WebSite","@id":"https:\/\/vulkano.io\/#website","url":"https:\/\/vulkano.io\/","name":"Vulkano Engineering","description":"Servicios de ingenier\u00eda","publisher":{"@id":"https:\/\/vulkano.io\/#organization"},"potentialAction":[{"@type":"SearchAction","target":{"@type":"EntryPoint","urlTemplate":"https:\/\/vulkano.io\/?s={search_term_string}"},"query-input":"required name=search_term_string"}],"inLanguage":"es"},{"@type":"Organization","@id":"https:\/\/vulkano.io\/#organization","name":"Vulkano Engineering","url":"https:\/\/vulkano.io\/","logo":{"@type":"ImageObject","inLanguage":"es","@id":"https:\/\/vulkano.io\/#\/schema\/logo\/image\/","url":"https:\/\/vulkano.io\/wp-content\/uploads\/2023\/03\/VULKANO-HORIZONTAL.png","contentUrl":"https:\/\/vulkano.io\/wp-content\/uploads\/2023\/03\/VULKANO-HORIZONTAL.png","width":2480,"height":729,"caption":"Vulkano Engineering"},"image":{"@id":"https:\/\/vulkano.io\/#\/schema\/logo\/image\/"},"sameAs":["https:\/\/www.youtube.com\/channel\/UCOYcoRiJxNZOgvvXEbgETnQ","https:\/\/www.linkedin.com\/company\/vulkano-engineering\/"]}]}},"_links":{"self":[{"href":"https:\/\/vulkano.io\/es\/wp-json\/wp\/v2\/pages\/2046","targetHints":{"allow":["GET"]}}],"collection":[{"href":"https:\/\/vulkano.io\/es\/wp-json\/wp\/v2\/pages"}],"about":[{"href":"https:\/\/vulkano.io\/es\/wp-json\/wp\/v2\/types\/page"}],"author":[{"embeddable":true,"href":"https:\/\/vulkano.io\/es\/wp-json\/wp\/v2\/users\/1"}],"replies":[{"embeddable":true,"href":"https:\/\/vulkano.io\/es\/wp-json\/wp\/v2\/comments?post=2046"}],"version-history":[{"count":59,"href":"https:\/\/vulkano.io\/es\/wp-json\/wp\/v2\/pages\/2046\/revisions"}],"predecessor-version":[{"id":3715,"href":"https:\/\/vulkano.io\/es\/wp-json\/wp\/v2\/pages\/2046\/revisions\/3715"}],"wp:attachment":[{"href":"https:\/\/vulkano.io\/es\/wp-json\/wp\/v2\/media?parent=2046"}],"curies":[{"name":"wp","href":"https:\/\/api.w.org\/{rel}","templated":true}]}}